{"id":9,"date":"2019-07-01T17:02:49","date_gmt":"2019-07-01T15:02:49","guid":{"rendered":"http:\/\/s542535438.online.de\/web2019\/?page_id=9"},"modified":"2023-08-08T13:49:01","modified_gmt":"2023-08-08T11:49:01","slug":"unternehmen","status":"publish","type":"page","link":"https:\/\/www.verimag.de\/de\/unternehmen\/","title":{"rendered":"Das Unternehmen VERIMAG"},"content":{"rendered":"<style>.kb-row-layout-id9_0379fa-2f > .kt-row-column-wrap{align-content:start;}:where(.kb-row-layout-id9_0379fa-2f > .kt-row-column-wrap) > .wp-block-kadence-column{justify-content:start;}.kb-row-layout-id9_0379fa-2f > .kt-row-column-wrap{column-gap:var(--global-kb-gap-md, 2rem);row-gap:var(--global-kb-gap-md, 2rem);max-width:1200px;margin-left:auto;margin-right:auto;padding-top:60px;padding-right:40px;padding-bottom:70px;padding-left:40px;grid-template-columns:minmax(0, 1fr);}.kb-row-layout-id9_0379fa-2f > .kt-row-layout-overlay{opacity:0.30;}@media all and (max-width: 1024px){.kb-row-layout-id9_0379fa-2f > .kt-row-column-wrap{padding-top:40px;padding-right:15px;padding-bottom:40px;padding-left:15px;grid-template-columns:minmax(0, 1fr);}}@media all and (max-width: 767px){.kb-row-layout-id9_0379fa-2f > .kt-row-column-wrap{padding-top:40px;padding-right:15px;padding-bottom:40px;padding-left:15px;grid-template-columns:minmax(0, 1fr);}}<\/style><div class=\"kb-row-layout-wrap kb-row-layout-id9_0379fa-2f alignnone wp-block-kadence-rowlayout\"><div class=\"kt-row-column-wrap kt-has-1-columns kt-row-layout-equal kt-tab-layout-inherit kt-mobile-layout-row kt-row-valign-top\">\n<style>.kadence-column9_aa4e9e-3d > .kt-inside-inner-col,.kadence-column9_aa4e9e-3d > .kt-inside-inner-col:before{border-top-left-radius:0px;border-top-right-radius:0px;border-bottom-right-radius:0px;border-bottom-left-radius:0px;}.kadence-column9_aa4e9e-3d > .kt-inside-inner-col{column-gap:var(--global-kb-gap-sm, 1rem);}.kadence-column9_aa4e9e-3d > .kt-inside-inner-col{flex-direction:column;}.kadence-column9_aa4e9e-3d > .kt-inside-inner-col > .aligncenter{width:100%;}.kadence-column9_aa4e9e-3d > .kt-inside-inner-col:before{opacity:0.3;}.kadence-column9_aa4e9e-3d{position:relative;}@media all and (max-width: 1024px){.kadence-column9_aa4e9e-3d > .kt-inside-inner-col{flex-direction:column;justify-content:center;}}@media all and (max-width: 767px){.kadence-column9_aa4e9e-3d > .kt-inside-inner-col{flex-direction:column;justify-content:center;}}<\/style>\n<div class=\"wp-block-kadence-column kadence-column9_aa4e9e-3d inner-column-1\"><div class=\"kt-inside-inner-col\"><style>.wp-block-kadence-advancedheading.kt-adv-heading9_658a89-c8, .wp-block-kadence-advancedheading.kt-adv-heading9_658a89-c8[data-kb-block=\"kb-adv-heading9_658a89-c8\"]{text-align:center;font-weight:400;font-style:normal;}.wp-block-kadence-advancedheading.kt-adv-heading9_658a89-c8 mark.kt-highlight, .wp-block-kadence-advancedheading.kt-adv-heading9_658a89-c8[data-kb-block=\"kb-adv-heading9_658a89-c8\"] mark.kt-highlight{font-style:normal;color:#f76a0c;-webkit-box-decoration-break:clone;box-decoration-break:clone;padding-top:0px;padding-right:0px;padding-bottom:0px;padding-left:0px;}.wp-block-kadence-advancedheading.kt-adv-heading9_658a89-c8 img.kb-inline-image, .wp-block-kadence-advancedheading.kt-adv-heading9_658a89-c8[data-kb-block=\"kb-adv-heading9_658a89-c8\"] img.kb-inline-image{width:150px;vertical-align:baseline;}<\/style>\n<h1 class=\"kt-adv-heading9_658a89-c8 fade verimagwort wp-block-kadence-advancedheading\" data-kb-block=\"kb-adv-heading9_658a89-c8\">  Das Unternehmen <strong>VERIMAG<\/strong><\/h1>\n\n\n\n<hr class=\"wp-block-separator has-css-opacity decorative fade\"\/>\n\n\n<style>.kb-row-layout-id9_5cecc1-2e > .kt-row-column-wrap{align-content:start;}:where(.kb-row-layout-id9_5cecc1-2e > .kt-row-column-wrap) > .wp-block-kadence-column{justify-content:start;}.kb-row-layout-id9_5cecc1-2e > .kt-row-column-wrap{column-gap:var(--global-kb-gap-none, 0rem );row-gap:var(--global-kb-gap-md, 2rem);padding-top:20px;padding-bottom:0px;grid-template-columns:minmax(0, calc(50% - ((var(--global-kb-gap-none, 0rem ) * 1 )\/2)))minmax(0, calc(50% - ((var(--global-kb-gap-none, 0rem ) * 1 )\/2)));}.kb-row-layout-id9_5cecc1-2e > .kt-row-layout-overlay{opacity:0.30;}.kb-row-layout-id9_5cecc1-2e .kt-row-layout-bottom-sep{height:100px;}.kb-row-layout-id9_5cecc1-2e .kt-row-layout-bottom-sep svg{width:100%;}.kb-row-layout-id9_5cecc1-2e .kt-row-layout-bottom-sep svg{fill:#ffffff!important;}@media all and (max-width: 1024px){.kb-row-layout-id9_5cecc1-2e > .kt-row-column-wrap{grid-template-columns:minmax(0, 2fr) minmax(0, 1fr);}}@media all and (max-width: 1024px){.kb-row-layout-id9_5cecc1-2e .kt-row-layout-bottom-sep{height:px;}}@media all and (max-width: 1024px){.kb-row-layout-id9_5cecc1-2e .kt-row-layout-bottom-sep svg{width:%;}}@media all and (max-width: 767px){.kb-row-layout-id9_5cecc1-2e > .kt-row-column-wrap{grid-template-columns:minmax(0, 1fr);}.kb-row-layout-id9_5cecc1-2e .kt-row-layout-bottom-sep{height:px;}.kb-row-layout-id9_5cecc1-2e .kt-row-layout-bottom-sep svg{width:%;}}<\/style><div class=\"kb-row-layout-wrap kb-row-layout-id9_5cecc1-2e alignnone wp-block-kadence-rowlayout\"><div class=\"kt-row-column-wrap kt-has-2-columns kt-row-layout-left-golden kt-tab-layout-inherit kt-mobile-layout-row kt-row-valign-top\">\n<style>.kadence-column9_047855-01 > .kt-inside-inner-col{padding-right:40px;}.kadence-column9_047855-01 > .kt-inside-inner-col{border-right:1px solid #f2f2f2;}.kadence-column9_047855-01 > .kt-inside-inner-col,.kadence-column9_047855-01 > .kt-inside-inner-col:before{border-top-left-radius:0px;border-top-right-radius:0px;border-bottom-right-radius:0px;border-bottom-left-radius:0px;}.kadence-column9_047855-01 > .kt-inside-inner-col{column-gap:var(--global-kb-gap-sm, 1rem);}.kadence-column9_047855-01 > .kt-inside-inner-col{flex-direction:column;}.kadence-column9_047855-01 > .kt-inside-inner-col > .aligncenter{width:100%;}.kadence-column9_047855-01 > .kt-inside-inner-col:before{opacity:0.3;}.kadence-column9_047855-01{position:relative;}@media all and (max-width: 1024px){.kadence-column9_047855-01 > .kt-inside-inner-col{border-right:1px solid #f2f2f2;flex-direction:column;justify-content:center;}}@media all and (max-width: 767px){.kadence-column9_047855-01 > .kt-inside-inner-col{padding-right:0px;border-right:1px solid #f2f2f2;flex-direction:column;justify-content:center;}}<\/style>\n<div class=\"wp-block-kadence-column kadence-column9_047855-01 inner-column-1 fade\"><div class=\"kt-inside-inner-col\">\n<figure class=\"wp-block-image fade\"><img loading=\"lazy\" decoding=\"async\" width=\"1024\" height=\"681\" src=\"https:\/\/www.verimag.de\/wp-content\/uploads\/2019\/07\/DSC_0461-7646b7a9-1024x681.jpg\" alt=\"\" class=\"wp-image-812\" srcset=\"https:\/\/www.verimag.de\/wp-content\/uploads\/2019\/07\/DSC_0461-7646b7a9-1024x681.jpg 1024w, https:\/\/www.verimag.de\/wp-content\/uploads\/2019\/07\/DSC_0461-7646b7a9-300x200.jpg 300w, https:\/\/www.verimag.de\/wp-content\/uploads\/2019\/07\/DSC_0461-7646b7a9-768x511.jpg 768w, https:\/\/www.verimag.de\/wp-content\/uploads\/2019\/07\/DSC_0461-7646b7a9-24x16.jpg 24w, https:\/\/www.verimag.de\/wp-content\/uploads\/2019\/07\/DSC_0461-7646b7a9-36x24.jpg 36w, https:\/\/www.verimag.de\/wp-content\/uploads\/2019\/07\/DSC_0461-7646b7a9-48x32.jpg 48w, https:\/\/www.verimag.de\/wp-content\/uploads\/2019\/07\/DSC_0461-7646b7a9.jpg 1600w\" sizes=\"auto, (max-width: 1024px) 100vw, 1024px\" \/><\/figure>\n\n\n\n<p class=\"fade\"><strong>Seit 2004 sind wir Ihr Ansprechpartner f\u00fcr eine anspruchsvolle  Vermarktung mit dem Schwerpunkt Wohnen in attraktiven und zentralen  Lagen im Gro\u00dfraum Berlin\/Brandenburg.<\/strong> Hierbei reichen unsere  Referenzen vom Siedlungsbau bis zum Geschosswohnungsbau in  st\u00e4dtebaulichen Gro\u00dfprojekten. In den verschiedensten Projekten bedienen  wir das mittlere bis gehobene Marktsegment wie auch den Luxusbereich in  zentralen Toplagen. <\/p>\n<\/div><\/div>\n\n\n<style>.kadence-column9_6a2546-ed > .kt-inside-inner-col{padding-left:40px;}.kadence-column9_6a2546-ed > .kt-inside-inner-col,.kadence-column9_6a2546-ed > .kt-inside-inner-col:before{border-top-left-radius:0px;border-top-right-radius:0px;border-bottom-right-radius:0px;border-bottom-left-radius:0px;}.kadence-column9_6a2546-ed > .kt-inside-inner-col{column-gap:var(--global-kb-gap-sm, 1rem);}.kadence-column9_6a2546-ed > .kt-inside-inner-col{flex-direction:column;}.kadence-column9_6a2546-ed > .kt-inside-inner-col > .aligncenter{width:100%;}.kadence-column9_6a2546-ed > .kt-inside-inner-col:before{opacity:0.3;}.kadence-column9_6a2546-ed{position:relative;}@media all and (max-width: 1024px){.kadence-column9_6a2546-ed > .kt-inside-inner-col{flex-direction:column;justify-content:center;}}@media all and (max-width: 767px){.kadence-column9_6a2546-ed > .kt-inside-inner-col{padding-top:20px;padding-left:0px;flex-direction:column;justify-content:center;}}<\/style>\n<div class=\"wp-block-kadence-column kadence-column9_6a2546-ed inner-column-2 fade\"><div class=\"kt-inside-inner-col\">\n<p class=\"fade\"><strong>Langj\u00e4hrige Erfahrung bildet das Fundament von professionellen Vertriebs- und Marketing-Dienstleistungen f\u00fcr unsere Kunden.<\/strong>\n Damit begleiten wir den wesentlichen Teil der Wertsch\u00f6pfungskette im \nLebenszyklus Ihrer Immobilie: von der Entwicklung der Projektidee \u00fcber \ndie Produktentwicklung und Realisierung bis hin zur Vermarktung.<\/p>\n\n\n\n<p class=\"fade\">Ob f\u00fcr <strong>nationale und internationale Investoren<\/strong>, f\u00fcr Projektentwickler, Bautr\u00e4ger- und Fondsgesellschaften, Architekten, Banken oder auch f\u00fcr <strong>einzelne Privatpersonen<\/strong>:<\/p>\n\n\n\n<p class=\"fade\"><strong>Unternehmerisches Denken und Handeln sowie der Spa\u00df an der L\u00f6sung komplexer Themen<\/strong>,\n immer unter dem Gesichtspunkt einer ganzheitlichen Betrachtung \u2013 unser \nTeam aus langj\u00e4hrig qualifizierten Mitarbeitern freut sich darauf, auch \nf\u00fcr Ihr Objekt die beste Erfolgsstrategie zu entwickeln und umzusetzen.<\/p>\n\n\n<style>.wp-block-kadence-spacer.kt-block-spacer-9_0d446c-26 .kt-block-spacer{height:20px;}.wp-block-kadence-spacer.kt-block-spacer-9_0d446c-26 .kt-divider{border-top-width:1px;height:1px;border-top-color:#eee;width:80%;border-top-style:solid;}<\/style>\n<div class=\"wp-block-kadence-spacer aligncenter kt-block-spacer-9_0d446c-26\"><div class=\"kt-block-spacer kt-block-spacer-halign-center\"><\/div><\/div>\n<\/div><\/div>\n\n<\/div><\/div><\/div><\/div>\n\n<\/div><\/div>\n\n<style>.kb-row-layout-id9_b26371-2e > .kt-row-column-wrap{align-content:start;}:where(.kb-row-layout-id9_b26371-2e > .kt-row-column-wrap) > .wp-block-kadence-column{justify-content:start;}.kb-row-layout-id9_b26371-2e > .kt-row-column-wrap{column-gap:var(--global-kb-gap-md, 2rem);row-gap:var(--global-kb-gap-md, 2rem);max-width:1200px;margin-left:auto;margin-right:auto;padding-top:40px;padding-right:40px;padding-bottom:40px;padding-left:40px;grid-template-columns:minmax(0, 1fr);}.kb-row-layout-id9_b26371-2e > .kt-row-layout-overlay{opacity:0.30;}@media all and (max-width: 1024px){.kb-row-layout-id9_b26371-2e > .kt-row-column-wrap{padding-top:40px;padding-right:15px;padding-bottom:40px;padding-left:15px;grid-template-columns:minmax(0, 1fr);}}@media all and (max-width: 767px){.kb-row-layout-id9_b26371-2e > .kt-row-column-wrap{padding-top:40px;padding-right:15px;padding-bottom:40px;padding-left:15px;grid-template-columns:minmax(0, 1fr);}}<\/style><div class=\"kb-row-layout-wrap kb-row-layout-id9_b26371-2e alignnone wp-block-kadence-rowlayout\"><div class=\"kt-row-column-wrap kt-has-1-columns kt-row-layout-equal kt-tab-layout-inherit kt-mobile-layout-row kt-row-valign-top\">\n<style>.kadence-column9_e98698-d0 > .kt-inside-inner-col,.kadence-column9_e98698-d0 > .kt-inside-inner-col:before{border-top-left-radius:0px;border-top-right-radius:0px;border-bottom-right-radius:0px;border-bottom-left-radius:0px;}.kadence-column9_e98698-d0 > .kt-inside-inner-col{column-gap:var(--global-kb-gap-sm, 1rem);}.kadence-column9_e98698-d0 > .kt-inside-inner-col{flex-direction:column;}.kadence-column9_e98698-d0 > .kt-inside-inner-col > .aligncenter{width:100%;}.kadence-column9_e98698-d0 > .kt-inside-inner-col:before{opacity:0.3;}.kadence-column9_e98698-d0{position:relative;}@media all and (max-width: 1024px){.kadence-column9_e98698-d0 > .kt-inside-inner-col{flex-direction:column;justify-content:center;}}@media all and (max-width: 767px){.kadence-column9_e98698-d0 > .kt-inside-inner-col{flex-direction:column;justify-content:center;}}<\/style>\n<div class=\"wp-block-kadence-column kadence-column9_e98698-d0\"><div class=\"kt-inside-inner-col\"><\/div><\/div>\n\n<\/div><\/div>","protected":false},"excerpt":{"rendered":"<p>Das Unternehmen VERIMAG Seit 2004 sind wir Ihr Ansprechpartner f\u00fcr eine anspruchsvolle Vermarktung mit dem Schwerpunkt Wohnen in attraktiven und zentralen Lagen im Gro\u00dfraum Berlin\/Brandenburg. Hierbei reichen unsere Referenzen vom Siedlungsbau bis zum Geschosswohnungsbau in st\u00e4dtebaulichen Gro\u00dfprojekten. In den verschiedensten Projekten bedienen wir das mittlere bis gehobene Marktsegment wie auch den Luxusbereich in zentralen Toplagen. [&hellip;]<\/p>\n","protected":false},"author":1,"featured_media":0,"parent":0,"menu_order":0,"comment_status":"closed","ping_status":"closed","template":"","meta":{"_acf_changed":false,"footnotes":""},"class_list":["post-9","page","type-page","status-publish","hentry"],"acf":[],"yoast_head":"<!-- This site is optimized with the Yoast SEO plugin v27.0 - https:\/\/yoast.com\/product\/yoast-seo-wordpress\/ -->\n<title>VERIMAG Vertriebs- und Marketingges. mbH - Das Unternehmen VERIMAG<\/title>\n<meta name=\"robots\" content=\"index, follow, max-snippet:-1, max-image-preview:large, max-video-preview:-1\" \/>\n<link rel=\"canonical\" href=\"https:\/\/www.verimag.de\/de\/unternehmen\/\" \/>\n<meta property=\"og:locale\" content=\"de_DE\" \/>\n<meta property=\"og:type\" content=\"article\" \/>\n<meta property=\"og:title\" content=\"VERIMAG Vertriebs- und Marketingges. mbH - Das Unternehmen VERIMAG\" \/>\n<meta property=\"og:description\" content=\"Das Unternehmen VERIMAG Seit 2004 sind wir Ihr Ansprechpartner f\u00fcr eine anspruchsvolle Vermarktung mit dem Schwerpunkt Wohnen in attraktiven und zentralen Lagen im Gro\u00dfraum Berlin\/Brandenburg. Hierbei reichen unsere Referenzen vom Siedlungsbau bis zum Geschosswohnungsbau in st\u00e4dtebaulichen Gro\u00dfprojekten. In den verschiedensten Projekten bedienen wir das mittlere bis gehobene Marktsegment wie auch den Luxusbereich in zentralen Toplagen. [&hellip;]\" \/>\n<meta property=\"og:url\" content=\"https:\/\/www.verimag.de\/de\/unternehmen\/\" \/>\n<meta property=\"og:site_name\" content=\"VERIMAG Vertriebs- und Marketingges. mbH\" \/>\n<meta property=\"article:modified_time\" content=\"2023-08-08T11:49:01+00:00\" \/>\n<meta property=\"og:image\" content=\"https:\/\/www.verimag.de\/wp-content\/uploads\/2019\/07\/DSC_0461-7646b7a9-1024x681.jpg\" \/>\n<meta name=\"twitter:card\" content=\"summary_large_image\" \/>\n<meta name=\"twitter:label1\" content=\"Gesch\u00e4tzte Lesezeit\" \/>\n\t<meta name=\"twitter:data1\" content=\"2\u00a0Minuten\" \/>\n<script type=\"application\/ld+json\" class=\"yoast-schema-graph\">{\"@context\":\"https:\/\/schema.org\",\"@graph\":[{\"@type\":\"WebPage\",\"@id\":\"https:\/\/www.verimag.de\/de\/unternehmen\/\",\"url\":\"https:\/\/www.verimag.de\/de\/unternehmen\/\",\"name\":\"VERIMAG Vertriebs- und Marketingges. mbH - Das Unternehmen VERIMAG\",\"isPartOf\":{\"@id\":\"https:\/\/www.verimag.de\/de\/#website\"},\"primaryImageOfPage\":{\"@id\":\"https:\/\/www.verimag.de\/de\/unternehmen\/#primaryimage\"},\"image\":{\"@id\":\"https:\/\/www.verimag.de\/de\/unternehmen\/#primaryimage\"},\"thumbnailUrl\":\"https:\/\/www.verimag.de\/wp-content\/uploads\/2019\/07\/DSC_0461-7646b7a9-1024x681.jpg\",\"datePublished\":\"2019-07-01T15:02:49+00:00\",\"dateModified\":\"2023-08-08T11:49:01+00:00\",\"breadcrumb\":{\"@id\":\"https:\/\/www.verimag.de\/de\/unternehmen\/#breadcrumb\"},\"inLanguage\":\"de\",\"potentialAction\":[{\"@type\":\"ReadAction\",\"target\":[\"https:\/\/www.verimag.de\/de\/unternehmen\/\"]}]},{\"@type\":\"ImageObject\",\"inLanguage\":\"de\",\"@id\":\"https:\/\/www.verimag.de\/de\/unternehmen\/#primaryimage\",\"url\":\"https:\/\/www.verimag.de\/wp-content\/uploads\/2019\/07\/DSC_0461-7646b7a9-1024x681.jpg\",\"contentUrl\":\"https:\/\/www.verimag.de\/wp-content\/uploads\/2019\/07\/DSC_0461-7646b7a9-1024x681.jpg\"},{\"@type\":\"BreadcrumbList\",\"@id\":\"https:\/\/www.verimag.de\/de\/unternehmen\/#breadcrumb\",\"itemListElement\":[{\"@type\":\"ListItem\",\"position\":1,\"name\":\"Startseite\",\"item\":\"https:\/\/www.verimag.de\/de\/\"},{\"@type\":\"ListItem\",\"position\":2,\"name\":\"Das Unternehmen VERIMAG\"}]},{\"@type\":\"WebSite\",\"@id\":\"https:\/\/www.verimag.de\/de\/#website\",\"url\":\"https:\/\/www.verimag.de\/de\/\",\"name\":\"VERIMAG Vertriebs- und Marketingges. mbH\",\"description\":\"\",\"potentialAction\":[{\"@type\":\"SearchAction\",\"target\":{\"@type\":\"EntryPoint\",\"urlTemplate\":\"https:\/\/www.verimag.de\/de\/?s={search_term_string}\"},\"query-input\":{\"@type\":\"PropertyValueSpecification\",\"valueRequired\":true,\"valueName\":\"search_term_string\"}}],\"inLanguage\":\"de\"}]}<\/script>\n<!-- \/ Yoast SEO plugin. -->","yoast_head_json":{"title":"VERIMAG Vertriebs- und Marketingges. mbH - Das Unternehmen VERIMAG","robots":{"index":"index","follow":"follow","max-snippet":"max-snippet:-1","max-image-preview":"max-image-preview:large","max-video-preview":"max-video-preview:-1"},"canonical":"https:\/\/www.verimag.de\/de\/unternehmen\/","og_locale":"de_DE","og_type":"article","og_title":"VERIMAG Vertriebs- und Marketingges. mbH - Das Unternehmen VERIMAG","og_description":"Das Unternehmen VERIMAG Seit 2004 sind wir Ihr Ansprechpartner f\u00fcr eine anspruchsvolle Vermarktung mit dem Schwerpunkt Wohnen in attraktiven und zentralen Lagen im Gro\u00dfraum Berlin\/Brandenburg. Hierbei reichen unsere Referenzen vom Siedlungsbau bis zum Geschosswohnungsbau in st\u00e4dtebaulichen Gro\u00dfprojekten. In den verschiedensten Projekten bedienen wir das mittlere bis gehobene Marktsegment wie auch den Luxusbereich in zentralen Toplagen. [&hellip;]","og_url":"https:\/\/www.verimag.de\/de\/unternehmen\/","og_site_name":"VERIMAG Vertriebs- und Marketingges. mbH","article_modified_time":"2023-08-08T11:49:01+00:00","og_image":[{"url":"https:\/\/www.verimag.de\/wp-content\/uploads\/2019\/07\/DSC_0461-7646b7a9-1024x681.jpg","type":"","width":"","height":""}],"twitter_card":"summary_large_image","twitter_misc":{"Gesch\u00e4tzte Lesezeit":"2\u00a0Minuten"},"schema":{"@context":"https:\/\/schema.org","@graph":[{"@type":"WebPage","@id":"https:\/\/www.verimag.de\/de\/unternehmen\/","url":"https:\/\/www.verimag.de\/de\/unternehmen\/","name":"VERIMAG Vertriebs- und Marketingges. mbH - Das Unternehmen VERIMAG","isPartOf":{"@id":"https:\/\/www.verimag.de\/de\/#website"},"primaryImageOfPage":{"@id":"https:\/\/www.verimag.de\/de\/unternehmen\/#primaryimage"},"image":{"@id":"https:\/\/www.verimag.de\/de\/unternehmen\/#primaryimage"},"thumbnailUrl":"https:\/\/www.verimag.de\/wp-content\/uploads\/2019\/07\/DSC_0461-7646b7a9-1024x681.jpg","datePublished":"2019-07-01T15:02:49+00:00","dateModified":"2023-08-08T11:49:01+00:00","breadcrumb":{"@id":"https:\/\/www.verimag.de\/de\/unternehmen\/#breadcrumb"},"inLanguage":"de","potentialAction":[{"@type":"ReadAction","target":["https:\/\/www.verimag.de\/de\/unternehmen\/"]}]},{"@type":"ImageObject","inLanguage":"de","@id":"https:\/\/www.verimag.de\/de\/unternehmen\/#primaryimage","url":"https:\/\/www.verimag.de\/wp-content\/uploads\/2019\/07\/DSC_0461-7646b7a9-1024x681.jpg","contentUrl":"https:\/\/www.verimag.de\/wp-content\/uploads\/2019\/07\/DSC_0461-7646b7a9-1024x681.jpg"},{"@type":"BreadcrumbList","@id":"https:\/\/www.verimag.de\/de\/unternehmen\/#breadcrumb","itemListElement":[{"@type":"ListItem","position":1,"name":"Startseite","item":"https:\/\/www.verimag.de\/de\/"},{"@type":"ListItem","position":2,"name":"Das Unternehmen VERIMAG"}]},{"@type":"WebSite","@id":"https:\/\/www.verimag.de\/de\/#website","url":"https:\/\/www.verimag.de\/de\/","name":"VERIMAG Vertriebs- und Marketingges. mbH","description":"","potentialAction":[{"@type":"SearchAction","target":{"@type":"EntryPoint","urlTemplate":"https:\/\/www.verimag.de\/de\/?s={search_term_string}"},"query-input":{"@type":"PropertyValueSpecification","valueRequired":true,"valueName":"search_term_string"}}],"inLanguage":"de"}]}},"_links":{"self":[{"href":"https:\/\/www.verimag.de\/de\/wp-json\/wp\/v2\/pages\/9","targetHints":{"allow":["GET"]}}],"collection":[{"href":"https:\/\/www.verimag.de\/de\/wp-json\/wp\/v2\/pages"}],"about":[{"href":"https:\/\/www.verimag.de\/de\/wp-json\/wp\/v2\/types\/page"}],"author":[{"embeddable":true,"href":"https:\/\/www.verimag.de\/de\/wp-json\/wp\/v2\/users\/1"}],"replies":[{"embeddable":true,"href":"https:\/\/www.verimag.de\/de\/wp-json\/wp\/v2\/comments?post=9"}],"version-history":[{"count":10,"href":"https:\/\/www.verimag.de\/de\/wp-json\/wp\/v2\/pages\/9\/revisions"}],"predecessor-version":[{"id":1781,"href":"https:\/\/www.verimag.de\/de\/wp-json\/wp\/v2\/pages\/9\/revisions\/1781"}],"wp:attachment":[{"href":"https:\/\/www.verimag.de\/de\/wp-json\/wp\/v2\/media?parent=9"}],"curies":[{"name":"wp","href":"https:\/\/api.w.org\/{rel}","templated":true}]}}