{"id":21,"date":"2019-07-01T17:32:31","date_gmt":"2019-07-01T15:32:31","guid":{"rendered":"http:\/\/s542535438.online.de\/web2019\/?page_id=21"},"modified":"2022-09-23T15:37:03","modified_gmt":"2022-09-23T13:37:03","slug":"kontakt","status":"publish","type":"page","link":"https:\/\/www.verimag.de\/de\/kontakt\/","title":{"rendered":"Kontakt"},"content":{"rendered":"<style>#kt-layout-id_ddce16-a9 > .kt-row-column-wrap{align-content:start;}:where(#kt-layout-id_ddce16-a9 > .kt-row-column-wrap) > .wp-block-kadence-column{justify-content:start;}#kt-layout-id_ddce16-a9 > .kt-row-column-wrap{column-gap:var(--global-kb-gap-md, 2rem);row-gap:var(--global-kb-gap-md, 2rem);max-width:1200px;margin-left:auto;margin-right:auto;padding-top:var( --global-kb-row-default-top, 25px );padding-bottom:var( --global-kb-row-default-bottom, 25px );padding-top:60px;padding-bottom:70px;padding-left:40px;padding-right:40px;grid-template-columns:minmax(0, 1fr);}#kt-layout-id_ddce16-a9 > .kt-row-layout-overlay{opacity:0.30;}@media all and (max-width: 1024px){#kt-layout-id_ddce16-a9 > .kt-row-column-wrap{padding-top:40px;padding-right:15px;padding-bottom:40px;padding-left:15px;grid-template-columns:minmax(0, 1fr);}}@media all and (max-width: 767px){#kt-layout-id_ddce16-a9 > .kt-row-column-wrap{padding-top:40px;padding-bottom:40px;padding-left:15px;padding-right:15px;grid-template-columns:minmax(0, 1fr);}}<\/style>\n<div class=\"wp-block-kadence-rowlayout alignnone\"><div id=\"kt-layout-id_ddce16-a9\" class=\"kt-row-layout-inner kt-layout-id_ddce16-a9\"><div class=\"kt-row-column-wrap kt-has-1-columns kt-gutter-default kt-v-gutter-default kt-row-valign-top kt-row-layout-equal kt-tab-layout-inherit kt-m-colapse-left-to-right kt-mobile-layout-row\"><style>.kadence-column_e6ac9e-ee > .kt-inside-inner-col{border-top-width:0px;border-right-width:0px;border-bottom-width:0px;border-left-width:0px;}.kadence-column_e6ac9e-ee > .kt-inside-inner-col,.kadence-column_e6ac9e-ee > .kt-inside-inner-col:before{border-top-left-radius:0px;border-top-right-radius:0px;border-bottom-right-radius:0px;border-bottom-left-radius:0px;}.kadence-column_e6ac9e-ee > .kt-inside-inner-col{column-gap:var(--global-kb-gap-sm, 1rem);}.kadence-column_e6ac9e-ee > .kt-inside-inner-col{flex-direction:column;}.kadence-column_e6ac9e-ee > .kt-inside-inner-col > .aligncenter{width:100%;}.kadence-column_e6ac9e-ee > .kt-inside-inner-col:before{opacity:0.3;}.kadence-column_e6ac9e-ee{position:relative;}@media all and (max-width: 1024px){.kadence-column_e6ac9e-ee > .kt-inside-inner-col{flex-direction:column;justify-content:center;}}@media all and (max-width: 767px){.kadence-column_e6ac9e-ee > .kt-inside-inner-col{flex-direction:column;justify-content:center;}}<\/style>\n<div class=\"wp-block-kadence-column inner-column-1 kadence-column_e6ac9e-ee\"><div class=\"kt-inside-inner-col\"><style>.wp-block-kadence-advancedheading.kt-adv-heading_c12a3e-01, .wp-block-kadence-advancedheading.kt-adv-heading_c12a3e-01[data-kb-block=\"kb-adv-heading_c12a3e-01\"]{text-align:center;font-style:normal;}.wp-block-kadence-advancedheading.kt-adv-heading_c12a3e-01 mark.kt-highlight, .wp-block-kadence-advancedheading.kt-adv-heading_c12a3e-01[data-kb-block=\"kb-adv-heading_c12a3e-01\"] mark.kt-highlight{font-style:normal;color:#f76a0c;-webkit-box-decoration-break:clone;box-decoration-break:clone;padding-top:0px;padding-right:0px;padding-bottom:0px;padding-left:0px;}.wp-block-kadence-advancedheading.kt-adv-heading_c12a3e-01 img.kb-inline-image, .wp-block-kadence-advancedheading.kt-adv-heading_c12a3e-01[data-kb-block=\"kb-adv-heading_c12a3e-01\"] img.kb-inline-image{width:150px;vertical-align:baseline;}<\/style>\n<h2 class=\"kt-adv-heading_c12a3e-01 wp-block-kadence-advancedheading\" data-kb-block=\"kb-adv-heading_c12a3e-01\">Nehmen Sie einfach <strong>Kontakt<\/strong> mit uns auf<\/h2>\n\n\n\n<hr class=\"wp-block-separator has-css-opacity decorative fade\"\/>\n\n\n<style>#kt-layout-id_e1714c-02 > .kt-row-column-wrap{align-content:start;}:where(#kt-layout-id_e1714c-02 > .kt-row-column-wrap) > .wp-block-kadence-column{justify-content:start;}#kt-layout-id_e1714c-02 > .kt-row-column-wrap{column-gap:var(--global-kb-gap-none, 0rem );row-gap:var(--global-kb-gap-md, 2rem);padding-top:var( --global-kb-row-default-top, 25px );padding-bottom:var( --global-kb-row-default-bottom, 25px );padding-top:20px;padding-bottom:0px;grid-template-columns:minmax(0, calc(50% - ((var(--global-kb-gap-none, 0rem ) * 1 )\/2)))minmax(0, calc(50% - ((var(--global-kb-gap-none, 0rem ) * 1 )\/2)));}#kt-layout-id_e1714c-02 > .kt-row-layout-overlay{opacity:0.30;}#kt-layout-id_e1714c-02 .kt-row-layout-bottom-sep{height:100px;}#kt-layout-id_e1714c-02 .kt-row-layout-bottom-sep svg{width:100%;}#kt-layout-id_e1714c-02 .kt-row-layout-bottom-sep svg{fill:#ffffff!important;}@media all and (max-width: 1024px){#kt-layout-id_e1714c-02 > .kt-row-column-wrap{grid-template-columns:minmax(0, 2fr) minmax(0, 1fr);}}@media all and (max-width: 1024px){#kt-layout-id_e1714c-02 .kt-row-layout-bottom-sep{height:px;}}@media all and (max-width: 1024px){#kt-layout-id_e1714c-02 .kt-row-layout-bottom-sep svg{width:%;}}@media all and (max-width: 767px){#kt-layout-id_e1714c-02 > .kt-row-column-wrap{grid-template-columns:minmax(0, 1fr);}#kt-layout-id_e1714c-02 > .kt-row-column-wrap > .wp-block-kadence-column:nth-child(1 of *:not(style)){order:2;}#kt-layout-id_e1714c-02 > .kt-row-column-wrap > .wp-block-kadence-column:nth-child(2 of *:not(style)){order:1;}#kt-layout-id_e1714c-02 > .kt-row-column-wrap > .wp-block-kadence-column:nth-child(3 of *:not(style)){order:12;}#kt-layout-id_e1714c-02 > .kt-row-column-wrap > .wp-block-kadence-column:nth-child(4 of *:not(style)){order:11;}#kt-layout-id_e1714c-02 > .kt-row-column-wrap > .wp-block-kadence-column:nth-child(5 of *:not(style)){order:22;}#kt-layout-id_e1714c-02 > .kt-row-column-wrap > .wp-block-kadence-column:nth-child(6 of *:not(style)){order:21;}#kt-layout-id_e1714c-02 > .kt-row-column-wrap > .wp-block-kadence-column:nth-child(7 of *:not(style)){order:32;}#kt-layout-id_e1714c-02 > .kt-row-column-wrap > .wp-block-kadence-column:nth-child(8 of *:not(style)){order:31;}#kt-layout-id_e1714c-02 .kt-row-layout-bottom-sep{height:px;}#kt-layout-id_e1714c-02 .kt-row-layout-bottom-sep svg{width:%;}}<\/style>\n<div class=\"wp-block-kadence-rowlayout alignnone\"><div id=\"kt-layout-id_e1714c-02\" class=\"kt-row-layout-inner kt-layout-id_e1714c-02\"><div class=\"kt-row-column-wrap kt-has-2-columns kt-gutter-none kt-v-gutter-default kt-row-valign-top kt-row-layout-left-golden kt-tab-layout-inherit kt-m-colapse-right-to-left kt-mobile-layout-row  kt-custom-first-width-50  kt-custom-second-width-50\"><style>.kadence-column_f6cfaa-24 > .kt-inside-inner-col{padding-right:40px;}.kadence-column_f6cfaa-24 > .kt-inside-inner-col{border-color:#f2f2f2;border-top-width:0px;border-right-width:1px;border-bottom-width:0px;border-left-width:0px;}.kadence-column_f6cfaa-24 > .kt-inside-inner-col,.kadence-column_f6cfaa-24 > .kt-inside-inner-col:before{border-top-left-radius:0px;border-top-right-radius:0px;border-bottom-right-radius:0px;border-bottom-left-radius:0px;}.kadence-column_f6cfaa-24 > .kt-inside-inner-col{column-gap:var(--global-kb-gap-sm, 1rem);}.kadence-column_f6cfaa-24 > .kt-inside-inner-col{flex-direction:column;}.kadence-column_f6cfaa-24 > .kt-inside-inner-col > .aligncenter{width:100%;}.kadence-column_f6cfaa-24 > .kt-inside-inner-col:before{opacity:0.3;}.kadence-column_f6cfaa-24{position:relative;}@media all and (max-width: 1024px){.kadence-column_f6cfaa-24 > .kt-inside-inner-col{flex-direction:column;justify-content:center;}}@media all and (max-width: 767px){.kadence-column_f6cfaa-24 > .kt-inside-inner-col{padding-right:0px;flex-direction:column;justify-content:center;}}<\/style>\n<div class=\"wp-block-kadence-column inner-column-1 kadence-column_f6cfaa-24 fade\"><div class=\"kt-inside-inner-col\">\n<h2 class=\"wp-block-heading\">Kontaktdaten<\/h2>\n\n\n\n<p>VERIMAG<br>Vertriebs- und Marketingges. mbH<\/p>\n\n\n\n<p>Schumannstra\u00dfe 17<br>D-10117 Berlin<\/p>\n\n\n\n<p><a target=\"_blank\" rel=\"noreferrer noopener\" href=\"https:\/\/maps.google.com\/maps?ll=52.523923,13.380403&amp;z=14&amp;hl=de&amp;gl=US&amp;mapclient=apiv3\"><\/a><\/p>\n\n\n\n<p>T +49 30 577 02 55 80<br>F +49 30 577 02 55 89<br>E <a href=\"mailto:office@verimag.de\">office@verimag.de<\/a><\/p>\n\n\n\n<p>Gesch\u00e4ftsf\u00fchrung<br>Heiko T\u00fcrp &amp; Christian Neumann <\/p>\n\n\n\n<p>Eintragung im Handelsregister<br>Registergericht: Amtsgericht Berlin-Charlottenburg<br>Registernummer: HRB 84349<\/p>\n\n\n\n<p>Umsatzsteuer-ID<br>DE813426171<\/p>\n\n\n<style>.wp-block-kadence-spacer.kt-block-spacer-_fe5b05-92 .kt-block-spacer{height:30px;}.wp-block-kadence-spacer.kt-block-spacer-_fe5b05-92 .kt-divider{border-top-width:1px;height:1px;border-top-color:#f2f2f2;width:100%;border-top-style:solid;}<\/style>\n<div class=\"wp-block-kadence-spacer aligncenter kt-block-spacer-_fe5b05-92\" id=\"fade\"><div class=\"kt-block-spacer kt-block-spacer-halign-center\" style=\"height:30px\"><hr class=\"kt-divider\" style=\"border-top-color:rgba(242, 242, 242, 1);border-top-width:1px;width:100%;border-top-style:solid\"\/><\/div><\/div>\n\n\n\n<h3 class=\"wp-block-heading\">Anfahrt planen<\/h3>\n\n\n\t<div class=\"standortmap_container\">\n\t\t\t\t\t<div id=\"objekt_standortmap\"><\/div>\n\t\t\t\t<\/div>\n\n\n\n<p>Planen Sie Ihre Anfahrt zu unserem B\u00fcro in die Schumannstra\u00dfe 17 in 10117 Berlin.<\/p>\n\n\n<form name=\"Mapping\" action=\"https:\/\/maps.google.com\/maps\" method=\"get\" target=\"_blank\">\n\t\t<p><label>Ihr Startpunkt \u00bb <\/label><input class=\"inputbox\" type=\"text\" style=\"margin: -2px auto auto 20px; width: auto;\" name=\"saddr\" placeholder=\"Adresse eingeben\"><\/p>\n\t\t<p style=\"margin-top: 5px;\">Ihr Standort wird in seinen Koordinationen automatisch ermittelt, sofern Sie der automatischen Browser-Anfrage zustimmen \u2013 andernfalls geben Sie hier einfach Ihren Startpunkt in Form einer Adresse ein.<\/p>\n\t\t<p style=\"margin-top: 20px;\">\n\t\t\t<label class=\"check\">Ziel \u00bb VERIMAG B\u00fcro\n\t\t\t<input id=\"VERIMAG\" name=\"daddr\" type=\"radio\" class=\"with-font\" value=\"Schumannstra\u00dfe 17, 10117 Berlin, Deutschland\" checked=\"checked\">\n\t\t\t<span class=\"checkmark\"><\/span>\n\t\t\t<\/label>\n\t\t<\/p>\n\t\t<p style=\"margin-bottom: 20px;\">\n\t\t\t<label class=\"check\">Ziel \u00bb Parkhaus Luisenstra\u00dfe APCOA\n\t\t\t<input id=\"Parkhaus_1\" name=\"daddr\" type=\"radio\" class=\"with-font\" value=\"Luisenstra\u00dfe 47-52, 10117 Berlin, Deutschland\">\n\t\t\t<span class=\"checkmark\"><\/span><\/label>\n\t\t<\/p>\n\t\t<p><button class=\"btn btn-orange gomaps\" style=\"margin-top: 20px;\" type=\"submit\">Google Maps<\/button><\/p>\n\t<\/form>\n<\/div><\/div>\n\n\n<style>.kadence-column_7dc603-f4 > .kt-inside-inner-col{padding-left:40px;}.kadence-column_7dc603-f4 > .kt-inside-inner-col{border-color:#d9d9d9;border-top-width:0px;border-right-width:0px;border-bottom-width:0px;border-left-width:0px;}.kadence-column_7dc603-f4 > .kt-inside-inner-col,.kadence-column_7dc603-f4 > .kt-inside-inner-col:before{border-top-left-radius:0px;border-top-right-radius:0px;border-bottom-right-radius:0px;border-bottom-left-radius:0px;}.kadence-column_7dc603-f4 > .kt-inside-inner-col{column-gap:var(--global-kb-gap-sm, 1rem);}.kadence-column_7dc603-f4 > .kt-inside-inner-col{flex-direction:column;}.kadence-column_7dc603-f4 > .kt-inside-inner-col > .aligncenter{width:100%;}.kadence-column_7dc603-f4 > .kt-inside-inner-col:before{opacity:0.3;}.kadence-column_7dc603-f4{position:relative;}@media all and (max-width: 1024px){.kadence-column_7dc603-f4 > .kt-inside-inner-col{flex-direction:column;justify-content:center;}}@media all and (max-width: 767px){.kadence-column_7dc603-f4 > .kt-inside-inner-col{padding-top:20px;padding-left:0px;flex-direction:column;justify-content:center;}}<\/style>\n<div class=\"wp-block-kadence-column inner-column-2 kadence-column_7dc603-f4 fade\"><div class=\"kt-inside-inner-col\"><style>.wp-block-kadence-advancedheading.kt-adv-heading_dbf416-fc, .wp-block-kadence-advancedheading.kt-adv-heading_dbf416-fc[data-kb-block=\"kb-adv-heading_dbf416-fc\"]{font-style:normal;}.wp-block-kadence-advancedheading.kt-adv-heading_dbf416-fc mark.kt-highlight, .wp-block-kadence-advancedheading.kt-adv-heading_dbf416-fc[data-kb-block=\"kb-adv-heading_dbf416-fc\"] mark.kt-highlight{font-style:normal;color:#f76a0c;-webkit-box-decoration-break:clone;box-decoration-break:clone;padding-top:0px;padding-right:0px;padding-bottom:0px;padding-left:0px;}.wp-block-kadence-advancedheading.kt-adv-heading_dbf416-fc img.kb-inline-image, .wp-block-kadence-advancedheading.kt-adv-heading_dbf416-fc[data-kb-block=\"kb-adv-heading_dbf416-fc\"] img.kb-inline-image{width:150px;vertical-align:baseline;}<\/style>\n<h2 class=\"kt-adv-heading_dbf416-fc wp-block-kadence-advancedheading\" data-kb-block=\"kb-adv-heading_dbf416-fc\">Schreiben Sie uns eine Nachricht<\/h2>\n\n\n\n<div class=\"wpcf7 no-js\" id=\"wpcf7-f928-o1\" lang=\"de-DE\" dir=\"ltr\" data-wpcf7-id=\"928\">\n<div class=\"screen-reader-response\"><p role=\"status\" aria-live=\"polite\" aria-atomic=\"true\"><\/p> <ul><\/ul><\/div>\n<form action=\"\/de\/wp-json\/wp\/v2\/pages\/21#wpcf7-f928-o1\" method=\"post\" class=\"wpcf7-form init\" aria-label=\"Kontaktformular\" novalidate=\"novalidate\" data-status=\"init\">\n<fieldset class=\"hidden-fields-container\"><input type=\"hidden\" name=\"_wpcf7\" value=\"928\" \/><input type=\"hidden\" name=\"_wpcf7_version\" value=\"6.1.5\" \/><input type=\"hidden\" name=\"_wpcf7_locale\" value=\"de_DE\" \/><input type=\"hidden\" name=\"_wpcf7_unit_tag\" value=\"wpcf7-f928-o1\" \/><input type=\"hidden\" name=\"_wpcf7_container_post\" value=\"0\" \/><input type=\"hidden\" name=\"_wpcf7_posted_data_hash\" value=\"\" \/>\n<\/fieldset>\n<p class=\"formnotice\">* Pflichtfelder | ** Bitte geben Sie mindestens Telefonnummer oder E-Mail Adresse an<\/p>\n<p>Anrede <span class=\"checkgroup\"><span class=\"wpcf7-form-control-wrap\" data-name=\"radio-112\"><span class=\"wpcf7-form-control wpcf7-radio\"><span class=\"wpcf7-list-item first\"><span class=\"wpcf7-list-item-label\">Frau<\/span><input type=\"radio\" name=\"radio-112\" value=\"Frau\" checked=\"checked\" \/><\/span><span class=\"wpcf7-list-item\"><span class=\"wpcf7-list-item-label\">Herr<\/span><input type=\"radio\" name=\"radio-112\" value=\"Herr\" \/><\/span><span class=\"wpcf7-list-item last\"><span class=\"wpcf7-list-item-label\">Divers<\/span><input type=\"radio\" name=\"radio-112\" value=\"Divers\" \/><\/span><\/span><\/span><\/span><\/p>\n<span class=\"wpcf7-form-control-wrap\" data-name=\"vorname\"><input size=\"40\" maxlength=\"400\" class=\"wpcf7-form-control wpcf7-text wpcf7-validates-as-required\" aria-required=\"true\" aria-invalid=\"false\" placeholder=\"Vorname*\" value=\"\" type=\"text\" name=\"vorname\" \/><\/span>\n<span class=\"wpcf7-form-control-wrap\" data-name=\"nachname\"><input size=\"40\" maxlength=\"400\" class=\"wpcf7-form-control wpcf7-text wpcf7-validates-as-required\" aria-required=\"true\" aria-invalid=\"false\" placeholder=\"Nachname*\" value=\"\" type=\"text\" name=\"nachname\" \/><\/span>\n<span class=\"wpcf7-form-control-wrap\" data-name=\"e-mail\"><input size=\"40\" maxlength=\"400\" class=\"wpcf7-form-control wpcf7-email wpcf7-text wpcf7-validates-as-email\" aria-invalid=\"false\" placeholder=\"E-Mail**\" value=\"\" type=\"email\" name=\"e-mail\" \/><\/span>\n<span class=\"wpcf7-form-control-wrap\" data-name=\"telefon\"><input size=\"40\" maxlength=\"400\" class=\"wpcf7-form-control wpcf7-text\" aria-invalid=\"false\" placeholder=\"Telefon**\" value=\"\" type=\"text\" name=\"telefon\" \/><\/span>\n<div class=\"clear\"><\/div>\n<span class=\"wpcf7-form-control-wrap\" data-name=\"mitteilung\"><textarea cols=\"40\" rows=\"10\" maxlength=\"2000\" class=\"wpcf7-form-control wpcf7-textarea wpcf7-validates-as-required\" aria-required=\"true\" aria-invalid=\"false\" placeholder=\"Mitteilung *\" name=\"mitteilung\"><\/textarea><\/span>\n<h3>Personendaten und Datenschutzbestimmungen *<\/h3>\n<div class=\"checkbox\">\n<span class=\"wpcf7-form-control-wrap\" data-name=\"datenschutz\"><span class=\"wpcf7-form-control wpcf7-acceptance\"><span class=\"wpcf7-list-item\"><label><input type=\"checkbox\" name=\"datenschutz\" value=\"1\" aria-invalid=\"false\" \/><span class=\"wpcf7-list-item-label\"><p class=\"verimagwort\">Ich habe die <a href=\"https:\/\/www.verimag.de\/de\/datenschutz\/\">Datenschutzerkl\u00e4rung<\/a> zur Kenntnis genommen und willige ein, dass meine personenbezogenen Daten aus dem Kontaktformular zur Bearbeitung meiner Anfrage elektronisch verarbeitet werden. Mir ist bekannt, dass ich diese Einwilligung jederzeit per Post oder E-Mail an <a href=\"mailto:info@verimag.de\">info@verimag.de<\/a> ohne Angabe von Gr\u00fcnden widerrufen kann. Weiter erkl\u00e4re ich, dass ich die Personendaten und Informationen nicht zu Lasten einer anderen Person t\u00e4tige. In jedem Falle mache ich die <strong>VERIMAG<\/strong> Vertriebs- und Marketingges. mbH davon frei, sollte eine andere nat\u00fcrliche Person hiervon in ihrem Pers\u00f6nlichkeits- und Datenschutzrecht verletzt werden. Wir verweisen hiermit auf die Einhaltung der gesetzlichen Vorgaben kraft Telemediengesetz (TMG) \u00a7 15 Nutzungsdaten. Ihre Daten werden sicher per TSL-Technologie versandt (SSL), was den Vorgaben nach \u00a7 13 (7) Satz 3 TMG entspricht.<\/p><\/span><\/label><\/span><\/span><\/span>\n<\/div>\n<p><strong>Wir d\u00fcrfen Ihnen auch weitere Immobilienangebote zukommen lassen?<\/strong> Dann haken Sie auch bitte das folgende Feld an. Wenn Sie diese Einwilligung nicht geben wollen, dann lassen Sie dieses Feld bitte frei. Sie haben keinen Nachteil daraus, wenn Sie das Feld nicht ankreuzen.<\/p>\n<div class=\"checkbox\">\n<span class=\"wpcf7-form-control-wrap\" data-name=\"datenschutz2\"><span class=\"wpcf7-form-control wpcf7-acceptance optional\"><span class=\"wpcf7-list-item\"><label><input type=\"checkbox\" name=\"datenschutz2\" value=\"1\" aria-invalid=\"false\" \/><span class=\"wpcf7-list-item-label\"><p class=\"verimagwort\">Ich bin damit einverstanden, dass meine personenbezogenen Daten aus dem Kontaktformular f\u00fcr die \u00dcbersendung von Informationen zu diesem Immobilienangebot und weiterer Immobilienangebote der Fa. <strong>VERIMAG<\/strong> Vertriebs- und Marketingges. mbH an mich verarbeitet werden. Ich kann die hier erkl\u00e4rte Einwilligung zur Verarbeitung der Daten jederzeit widerrufen, so dass meine Daten im Fall des Widerrufs f\u00fcr die Zukunft gel\u00f6scht werden. Die Daten werden im \u00dcbrigen gel\u00f6scht, wenn der Zweck der Speicherung entfallen ist. Ich kann mich jederzeit \u00fcber die zu meiner Person gespeicherten Daten bei <strong>VERIMAG<\/strong> informieren. Diese Einwilligung kann ich jederzeit ohne Angabe von Gr\u00fcnden per Post oder per E-Mail an die E-Mail Adresse <a href=\"mailto:info@verimag.de\">info@verimag.de<\/a> widerrufen.<\/p><\/span><\/label><\/span><\/span><\/span>\n<\/div>\n<span id=\"wpcf7-69f2da882ed06-wrapper\" class=\"wpcf7-form-control-wrap email-wrap\" ><input type=\"hidden\" name=\"email-time-start\" value=\"1777523336\"><input type=\"hidden\" name=\"email-time-check\" value=\"4\"><input id=\"wpcf7-69f2da882ed06-field\"  class=\"wpcf7-form-control wpcf7-text\" type=\"text\" name=\"email\" value=\"\" size=\"40\" tabindex=\"-1\" autocomplete=\"off\" \/><\/span>\n<input class=\"wpcf7-form-control wpcf7-submit has-spinner btn btn-orange\" type=\"submit\" value=\"Nachricht senden\" \/><div class=\"wpcf7-response-output\" aria-hidden=\"true\"><\/div>\n<\/form>\n<\/div>\n\n<\/div><\/div>\n<\/div><\/div><\/div>\n<\/div><\/div>\n<\/div><\/div><\/div>\n","protected":false},"excerpt":{"rendered":"<p>Nehmen Sie einfach Kontakt mit uns auf Kontaktdaten VERIMAGVertriebs- und Marketingges. mbH Schumannstra\u00dfe 17D-10117 Berlin T +49 30 577 02 55 80F +49 30 577 02 55 89E office@verimag.de Gesch\u00e4ftsf\u00fchrungHeiko T\u00fcrp &amp; Christian Neumann Eintragung im HandelsregisterRegistergericht: Amtsgericht Berlin-CharlottenburgRegisternummer: HRB 84349 Umsatzsteuer-IDDE813426171 Anfahrt planen Planen Sie Ihre Anfahrt zu unserem B\u00fcro in die Schumannstra\u00dfe 17 [&hellip;]<\/p>\n","protected":false},"author":1,"featured_media":0,"parent":0,"menu_order":0,"comment_status":"closed","ping_status":"closed","template":"","meta":{"_acf_changed":false,"footnotes":""},"class_list":["post-21","page","type-page","status-publish","hentry"],"acf":[],"yoast_head":"<!-- This site is optimized with the Yoast SEO plugin v27.0 - https:\/\/yoast.com\/product\/yoast-seo-wordpress\/ -->\n<title>VERIMAG Vertriebs- und Marketingges. mbH - Kontakt<\/title>\n<meta name=\"robots\" content=\"index, follow, max-snippet:-1, max-image-preview:large, max-video-preview:-1\" \/>\n<link rel=\"canonical\" href=\"https:\/\/www.verimag.de\/de\/kontakt\/\" \/>\n<meta property=\"og:locale\" content=\"de_DE\" \/>\n<meta property=\"og:type\" content=\"article\" \/>\n<meta property=\"og:title\" content=\"VERIMAG Vertriebs- und Marketingges. mbH - Kontakt\" \/>\n<meta property=\"og:description\" content=\"Nehmen Sie einfach Kontakt mit uns auf Kontaktdaten VERIMAGVertriebs- und Marketingges. mbH Schumannstra\u00dfe 17D-10117 Berlin T +49 30 577 02 55 80F +49 30 577 02 55 89E office@verimag.de Gesch\u00e4ftsf\u00fchrungHeiko T\u00fcrp &amp; Christian Neumann Eintragung im HandelsregisterRegistergericht: Amtsgericht Berlin-CharlottenburgRegisternummer: HRB 84349 Umsatzsteuer-IDDE813426171 Anfahrt planen Planen Sie Ihre Anfahrt zu unserem B\u00fcro in die Schumannstra\u00dfe 17 [&hellip;]\" \/>\n<meta property=\"og:url\" content=\"https:\/\/www.verimag.de\/de\/kontakt\/\" \/>\n<meta property=\"og:site_name\" content=\"VERIMAG Vertriebs- und Marketingges. mbH\" \/>\n<meta property=\"article:modified_time\" content=\"2022-09-23T13:37:03+00:00\" \/>\n<meta name=\"twitter:card\" content=\"summary_large_image\" \/>\n<script type=\"application\/ld+json\" class=\"yoast-schema-graph\">{\"@context\":\"https:\/\/schema.org\",\"@graph\":[{\"@type\":\"WebPage\",\"@id\":\"https:\/\/www.verimag.de\/de\/kontakt\/\",\"url\":\"https:\/\/www.verimag.de\/de\/kontakt\/\",\"name\":\"VERIMAG Vertriebs- und Marketingges. mbH - Kontakt\",\"isPartOf\":{\"@id\":\"https:\/\/www.verimag.de\/de\/#website\"},\"datePublished\":\"2019-07-01T15:32:31+00:00\",\"dateModified\":\"2022-09-23T13:37:03+00:00\",\"breadcrumb\":{\"@id\":\"https:\/\/www.verimag.de\/de\/kontakt\/#breadcrumb\"},\"inLanguage\":\"de\",\"potentialAction\":[{\"@type\":\"ReadAction\",\"target\":[\"https:\/\/www.verimag.de\/de\/kontakt\/\"]}]},{\"@type\":\"BreadcrumbList\",\"@id\":\"https:\/\/www.verimag.de\/de\/kontakt\/#breadcrumb\",\"itemListElement\":[{\"@type\":\"ListItem\",\"position\":1,\"name\":\"Startseite\",\"item\":\"https:\/\/www.verimag.de\/de\/\"},{\"@type\":\"ListItem\",\"position\":2,\"name\":\"Kontakt\"}]},{\"@type\":\"WebSite\",\"@id\":\"https:\/\/www.verimag.de\/de\/#website\",\"url\":\"https:\/\/www.verimag.de\/de\/\",\"name\":\"VERIMAG Vertriebs- und Marketingges. mbH\",\"description\":\"\",\"potentialAction\":[{\"@type\":\"SearchAction\",\"target\":{\"@type\":\"EntryPoint\",\"urlTemplate\":\"https:\/\/www.verimag.de\/de\/?s={search_term_string}\"},\"query-input\":{\"@type\":\"PropertyValueSpecification\",\"valueRequired\":true,\"valueName\":\"search_term_string\"}}],\"inLanguage\":\"de\"}]}<\/script>\n<!-- \/ Yoast SEO plugin. -->","yoast_head_json":{"title":"VERIMAG Vertriebs- und Marketingges. mbH - Kontakt","robots":{"index":"index","follow":"follow","max-snippet":"max-snippet:-1","max-image-preview":"max-image-preview:large","max-video-preview":"max-video-preview:-1"},"canonical":"https:\/\/www.verimag.de\/de\/kontakt\/","og_locale":"de_DE","og_type":"article","og_title":"VERIMAG Vertriebs- und Marketingges. mbH - Kontakt","og_description":"Nehmen Sie einfach Kontakt mit uns auf Kontaktdaten VERIMAGVertriebs- und Marketingges. mbH Schumannstra\u00dfe 17D-10117 Berlin T +49 30 577 02 55 80F +49 30 577 02 55 89E office@verimag.de Gesch\u00e4ftsf\u00fchrungHeiko T\u00fcrp &amp; Christian Neumann Eintragung im HandelsregisterRegistergericht: Amtsgericht Berlin-CharlottenburgRegisternummer: HRB 84349 Umsatzsteuer-IDDE813426171 Anfahrt planen Planen Sie Ihre Anfahrt zu unserem B\u00fcro in die Schumannstra\u00dfe 17 [&hellip;]","og_url":"https:\/\/www.verimag.de\/de\/kontakt\/","og_site_name":"VERIMAG Vertriebs- und Marketingges. mbH","article_modified_time":"2022-09-23T13:37:03+00:00","twitter_card":"summary_large_image","schema":{"@context":"https:\/\/schema.org","@graph":[{"@type":"WebPage","@id":"https:\/\/www.verimag.de\/de\/kontakt\/","url":"https:\/\/www.verimag.de\/de\/kontakt\/","name":"VERIMAG Vertriebs- und Marketingges. mbH - Kontakt","isPartOf":{"@id":"https:\/\/www.verimag.de\/de\/#website"},"datePublished":"2019-07-01T15:32:31+00:00","dateModified":"2022-09-23T13:37:03+00:00","breadcrumb":{"@id":"https:\/\/www.verimag.de\/de\/kontakt\/#breadcrumb"},"inLanguage":"de","potentialAction":[{"@type":"ReadAction","target":["https:\/\/www.verimag.de\/de\/kontakt\/"]}]},{"@type":"BreadcrumbList","@id":"https:\/\/www.verimag.de\/de\/kontakt\/#breadcrumb","itemListElement":[{"@type":"ListItem","position":1,"name":"Startseite","item":"https:\/\/www.verimag.de\/de\/"},{"@type":"ListItem","position":2,"name":"Kontakt"}]},{"@type":"WebSite","@id":"https:\/\/www.verimag.de\/de\/#website","url":"https:\/\/www.verimag.de\/de\/","name":"VERIMAG Vertriebs- und Marketingges. mbH","description":"","potentialAction":[{"@type":"SearchAction","target":{"@type":"EntryPoint","urlTemplate":"https:\/\/www.verimag.de\/de\/?s={search_term_string}"},"query-input":{"@type":"PropertyValueSpecification","valueRequired":true,"valueName":"search_term_string"}}],"inLanguage":"de"}]}},"_links":{"self":[{"href":"https:\/\/www.verimag.de\/de\/wp-json\/wp\/v2\/pages\/21","targetHints":{"allow":["GET"]}}],"collection":[{"href":"https:\/\/www.verimag.de\/de\/wp-json\/wp\/v2\/pages"}],"about":[{"href":"https:\/\/www.verimag.de\/de\/wp-json\/wp\/v2\/types\/page"}],"author":[{"embeddable":true,"href":"https:\/\/www.verimag.de\/de\/wp-json\/wp\/v2\/users\/1"}],"replies":[{"embeddable":true,"href":"https:\/\/www.verimag.de\/de\/wp-json\/wp\/v2\/comments?post=21"}],"version-history":[{"count":9,"href":"https:\/\/www.verimag.de\/de\/wp-json\/wp\/v2\/pages\/21\/revisions"}],"predecessor-version":[{"id":1718,"href":"https:\/\/www.verimag.de\/de\/wp-json\/wp\/v2\/pages\/21\/revisions\/1718"}],"wp:attachment":[{"href":"https:\/\/www.verimag.de\/de\/wp-json\/wp\/v2\/media?parent=21"}],"curies":[{"name":"wp","href":"https:\/\/api.w.org\/{rel}","templated":true}]}}